{"id":13,"date":"2024-05-14T07:07:32","date_gmt":"2024-05-14T07:07:32","guid":{"rendered":"https:\/\/urbanisticagarol.com\/?page_id=13"},"modified":"2026-01-14T20:19:04","modified_gmt":"2026-01-14T20:19:04","slug":"bienvenidos","status":"publish","type":"page","link":"https:\/\/urbanisticagarol.com\/","title":{"rendered":"BIENVENIDOS"},"content":{"rendered":"\t\t<div data-elementor-type=\"wp-page\" data-elementor-id=\"13\" class=\"elementor elementor-13\" data-elementor-post-type=\"page\">\n\t\t\t\t<div class=\"elementor-element elementor-element-cf18fd4 elementor-hidden-mobile e-flex e-con-boxed e-con e-parent\" data-id=\"cf18fd4\" data-element_type=\"container\" data-settings=\"{&quot;background_background&quot;:&quot;classic&quot;}\">\n\t\t\t\t\t<div class=\"e-con-inner\">\n\t\t\t\t<div class=\"elementor-element elementor-element-eb677b8 elementor--h-position-left elementor--v-position-top exad-sticky-section-no exad-glass-effect-no elementor-widget elementor-widget-slides\" data-id=\"eb677b8\" data-element_type=\"widget\" data-settings=\"{&quot;navigation&quot;:&quot;none&quot;,&quot;autoplay_speed&quot;:4000,&quot;transition&quot;:&quot;fade&quot;,&quot;transition_speed&quot;:1200,&quot;autoplay&quot;:&quot;yes&quot;,&quot;infinite&quot;:&quot;yes&quot;}\" data-widget_type=\"slides.default\">\n\t\t\t\t<div class=\"elementor-widget-container\">\n\t\t\t<style>.elementor-slides .swiper-slide-bg{background-size:cover;background-position:50%;background-repeat:no-repeat;min-width:100%;min-height:100%}.elementor-slides .swiper-slide-inner{background-repeat:no-repeat;background-position:50%;position:absolute;top:0;left:0;bottom:0;right:0;padding:50px;margin:auto}.elementor-slides .swiper-slide-inner,.elementor-slides .swiper-slide-inner:hover{color:#fff;display:flex}.elementor-slides .swiper-slide-inner .elementor-background-overlay{position:absolute;z-index:0;top:0;bottom:0;left:0;right:0}.elementor-slides .swiper-slide-inner .elementor-slide-content{position:relative;z-index:1;width:100%}.elementor-slides .swiper-slide-inner .elementor-slide-heading{font-size:35px;font-weight:700;line-height:1}.elementor-slides .swiper-slide-inner .elementor-slide-description{font-size:17px;line-height:1.4}.elementor-slides .swiper-slide-inner .elementor-slide-description:not(:last-child),.elementor-slides .swiper-slide-inner .elementor-slide-heading:not(:last-child){margin-bottom:30px}.elementor-slides .swiper-slide-inner .elementor-slide-button{border:2px solid #fff;color:#fff;background:transparent;display:inline-block}.elementor-slides .swiper-slide-inner .elementor-slide-button,.elementor-slides .swiper-slide-inner .elementor-slide-button:hover{background:transparent;color:inherit;text-decoration:none}.elementor--v-position-top .swiper-slide-inner{align-items:flex-start}.elementor--v-position-bottom .swiper-slide-inner{align-items:flex-end}.elementor--v-position-middle .swiper-slide-inner{align-items:center}.elementor--h-position-left .swiper-slide-inner{justify-content:flex-start}.elementor--h-position-right .swiper-slide-inner{justify-content:flex-end}.elementor--h-position-center .swiper-slide-inner{justify-content:center}body.rtl .elementor-widget-slides .elementor-swiper-button-next{left:10px;right:auto}body.rtl .elementor-widget-slides .elementor-swiper-button-prev{right:10px;left:auto}.elementor-slides-wrapper div:not(.swiper-slide)>.swiper-slide-inner{display:none}@media (max-width:767px){.elementor-slides .swiper-slide-inner{padding:30px}.elementor-slides .swiper-slide-inner .elementor-slide-heading{font-size:23px;line-height:1;margin-bottom:15px}.elementor-slides .swiper-slide-inner .elementor-slide-description{font-size:13px;line-height:1.4;margin-bottom:15px}}<\/style>\t\t<div class=\"elementor-swiper\">\n\t\t\t<div class=\"elementor-slides-wrapper elementor-main-swiper swiper\" dir=\"ltr\" data-animation=\"fadeInUp\">\n\t\t\t\t<div class=\"swiper-wrapper elementor-slides\">\n\t\t\t\t\t\t\t\t\t\t<div class=\"elementor-repeater-item-f315a9a swiper-slide\"><div class=\"swiper-slide-bg\" role=\"img\"><\/div><div class=\"swiper-slide-inner\" ><div class=\"swiper-slide-contents\"><\/div><\/div><\/div><div class=\"elementor-repeater-item-41205af swiper-slide\"><div class=\"swiper-slide-bg\" role=\"img\"><\/div><div class=\"swiper-slide-inner\" ><div class=\"swiper-slide-contents\"><\/div><\/div><\/div><div class=\"elementor-repeater-item-974badd swiper-slide\"><div class=\"swiper-slide-bg\" role=\"img\"><\/div><div class=\"swiper-slide-inner\" ><div class=\"swiper-slide-contents\"><\/div><\/div><\/div><div class=\"elementor-repeater-item-f7f678f swiper-slide\"><div class=\"swiper-slide-bg\" role=\"img\"><\/div><div class=\"swiper-slide-inner\" ><div class=\"swiper-slide-contents\"><\/div><\/div><\/div><div class=\"elementor-repeater-item-6408b7f swiper-slide\"><div class=\"swiper-slide-bg\" role=\"img\"><\/div><div class=\"swiper-slide-inner\" ><div class=\"swiper-slide-contents\"><\/div><\/div><\/div>\t\t\t\t<\/div>\n\t\t\t\t\t\t\t\t\t\t\t\t\t\t\t\t\t\t\t\t\t<\/div>\n\t\t<\/div>\n\t\t\t\t<\/div>\n\t\t\t\t<\/div>\n\t\t\t\t\t<\/div>\n\t\t\t\t<\/div>\n\t\t<div class=\"elementor-element elementor-element-63a5190 elementor-hidden-widescreen elementor-hidden-desktop elementor-hidden-laptop elementor-hidden-tablet e-flex e-con-boxed e-con e-parent\" data-id=\"63a5190\" data-element_type=\"container\" data-settings=\"{&quot;background_background&quot;:&quot;classic&quot;}\">\n\t\t\t\t\t<div class=\"e-con-inner\">\n\t\t\t\t<div class=\"elementor-element elementor-element-c55c63b elementor--h-position-left elementor--v-position-top exad-sticky-section-no exad-glass-effect-no elementor-widget elementor-widget-slides\" data-id=\"c55c63b\" data-element_type=\"widget\" data-settings=\"{&quot;navigation&quot;:&quot;none&quot;,&quot;autoplay_speed&quot;:4000,&quot;transition&quot;:&quot;fade&quot;,&quot;transition_speed&quot;:1200,&quot;autoplay&quot;:&quot;yes&quot;,&quot;infinite&quot;:&quot;yes&quot;}\" data-widget_type=\"slides.default\">\n\t\t\t\t<div class=\"elementor-widget-container\">\n\t\t\t\t\t<div class=\"elementor-swiper\">\n\t\t\t<div class=\"elementor-slides-wrapper elementor-main-swiper swiper\" dir=\"ltr\" data-animation=\"fadeInUp\">\n\t\t\t\t<div class=\"swiper-wrapper elementor-slides\">\n\t\t\t\t\t\t\t\t\t\t<div class=\"elementor-repeater-item-f315a9a swiper-slide\"><div class=\"swiper-slide-bg\" role=\"img\"><\/div><div class=\"swiper-slide-inner\" ><div class=\"swiper-slide-contents\"><\/div><\/div><\/div><div class=\"elementor-repeater-item-698eab8 swiper-slide\"><div class=\"swiper-slide-bg\" role=\"img\"><\/div><div class=\"swiper-slide-inner\" ><div class=\"swiper-slide-contents\"><\/div><\/div><\/div><div class=\"elementor-repeater-item-fefee08 swiper-slide\"><div class=\"swiper-slide-bg\" role=\"img\"><\/div><div class=\"swiper-slide-inner\" ><div class=\"swiper-slide-contents\"><\/div><\/div><\/div><div class=\"elementor-repeater-item-2ffd904 swiper-slide\"><div class=\"swiper-slide-bg\" role=\"img\"><\/div><div class=\"swiper-slide-inner\" ><div class=\"swiper-slide-contents\"><\/div><\/div><\/div><div class=\"elementor-repeater-item-0bcb63b swiper-slide\"><div class=\"swiper-slide-bg\" role=\"img\"><\/div><div class=\"swiper-slide-inner\" ><div class=\"swiper-slide-contents\"><\/div><\/div><\/div>\t\t\t\t<\/div>\n\t\t\t\t\t\t\t\t\t\t\t\t\t\t\t\t\t\t\t\t\t<\/div>\n\t\t<\/div>\n\t\t\t\t<\/div>\n\t\t\t\t<\/div>\n\t\t\t\t\t<\/div>\n\t\t\t\t<\/div>\n\t\t<div class=\"elementor-element elementor-element-b465ea4 elementor-hidden-mobile e-flex e-con-boxed e-con e-parent\" data-id=\"b465ea4\" data-element_type=\"container\">\n\t\t\t\t\t<div class=\"e-con-inner\">\n\t\t<div class=\"elementor-element elementor-element-128c072 e-con-full e-flex e-con e-child\" data-id=\"128c072\" data-element_type=\"container\">\n\t\t\t\t<\/div>\n\t\t<div class=\"elementor-element elementor-element-e63dac8 e-con-full e-flex e-con e-child\" data-id=\"e63dac8\" data-element_type=\"container\">\n\t\t\t\t<div class=\"elementor-element elementor-element-f3ed329 exad-sticky-section-no exad-glass-effect-no elementor-widget elementor-widget-image\" data-id=\"f3ed329\" data-element_type=\"widget\" data-widget_type=\"image.default\">\n\t\t\t\t<div class=\"elementor-widget-container\">\n\t\t\t<style>\/*! elementor - v3.21.0 - 08-05-2024 *\/\n.elementor-widget-image{text-align:center}.elementor-widget-image a{display:inline-block}.elementor-widget-image a img[src$=\".svg\"]{width:48px}.elementor-widget-image img{vertical-align:middle;display:inline-block}<\/style>\t\t\t\t\t\t\t\t\t\t<img fetchpriority=\"high\" decoding=\"async\" width=\"800\" height=\"801\" src=\"https:\/\/urbanisticagarol.com\/wp-content\/uploads\/2024\/05\/Lol_circle.png\" class=\"attachment-large size-large wp-image-101\" alt=\"\" srcset=\"https:\/\/urbanisticagarol.com\/wp-content\/uploads\/2024\/05\/Lol_circle.png 886w, https:\/\/urbanisticagarol.com\/wp-content\/uploads\/2024\/05\/Lol_circle-300x300.png 300w, https:\/\/urbanisticagarol.com\/wp-content\/uploads\/2024\/05\/Lol_circle-150x150.png 150w, https:\/\/urbanisticagarol.com\/wp-content\/uploads\/2024\/05\/Lol_circle-768x769.png 768w\" sizes=\"(max-width: 800px) 100vw, 800px\" \/>\t\t\t\t\t\t\t\t\t\t\t\t\t<\/div>\n\t\t\t\t<\/div>\n\t\t\t\t<\/div>\n\t\t\t\t\t<\/div>\n\t\t\t\t<\/div>\n\t\t<div class=\"elementor-element elementor-element-e69a511 e-flex e-con-boxed e-con e-parent\" data-id=\"e69a511\" data-element_type=\"container\">\n\t\t\t\t\t<div class=\"e-con-inner\">\n\t\t<div class=\"elementor-element elementor-element-3c063da e-con-full e-flex e-con e-child\" data-id=\"3c063da\" data-element_type=\"container\">\n\t\t\t\t<div class=\"elementor-element elementor-element-8726a59 exad-sticky-section-no exad-glass-effect-no elementor-widget elementor-widget-heading\" data-id=\"8726a59\" data-element_type=\"widget\" data-widget_type=\"heading.default\">\n\t\t\t\t<div class=\"elementor-widget-container\">\n\t\t\t<style>\/*! elementor - v3.21.0 - 08-05-2024 *\/\n.elementor-heading-title{padding:0;margin:0;line-height:1}.elementor-widget-heading .elementor-heading-title[class*=elementor-size-]>a{color:inherit;font-size:inherit;line-height:inherit}.elementor-widget-heading .elementor-heading-title.elementor-size-small{font-size:15px}.elementor-widget-heading .elementor-heading-title.elementor-size-medium{font-size:19px}.elementor-widget-heading .elementor-heading-title.elementor-size-large{font-size:29px}.elementor-widget-heading .elementor-heading-title.elementor-size-xl{font-size:39px}.elementor-widget-heading .elementor-heading-title.elementor-size-xxl{font-size:59px}<\/style><h2 class=\"elementor-heading-title elementor-size-default\">Somos una empresa dedicada a la\nconstrucci\u00f3n y mantenimiento, con m\u00e1s de 10 a\u00f1os de experiencia <\/h2>\t\t<\/div>\n\t\t\t\t<\/div>\n\t\t\t\t<div class=\"elementor-element elementor-element-b379017 exad-sticky-section-no exad-glass-effect-no elementor-widget elementor-widget-text-editor\" data-id=\"b379017\" data-element_type=\"widget\" data-widget_type=\"text-editor.default\">\n\t\t\t\t<div class=\"elementor-widget-container\">\n\t\t\t<style>\/*! elementor - v3.21.0 - 08-05-2024 *\/\n.elementor-widget-text-editor.elementor-drop-cap-view-stacked .elementor-drop-cap{background-color:#69727d;color:#fff}.elementor-widget-text-editor.elementor-drop-cap-view-framed .elementor-drop-cap{color:#69727d;border:3px solid;background-color:transparent}.elementor-widget-text-editor:not(.elementor-drop-cap-view-default) .elementor-drop-cap{margin-top:8px}.elementor-widget-text-editor:not(.elementor-drop-cap-view-default) .elementor-drop-cap-letter{width:1em;height:1em}.elementor-widget-text-editor .elementor-drop-cap{float:left;text-align:center;line-height:1;font-size:50px}.elementor-widget-text-editor .elementor-drop-cap-letter{display:inline-block}<\/style>\t\t\t\t<p>A lo largo de estos a\u00f1os, diferentes empresas privadas, personas f\u00edsicas y dependencias gubernamentales han confiado en nuestro trabajo y compromiso. Nuestros clientes han permanecido con nosotros incondicionalmente porque sabemos y entendemos las necesidades de cada proyecto, ofreciendo servicios totalmente personalizados.<\/p>\t\t\t\t\t\t<\/div>\n\t\t\t\t<\/div>\n\t\t\t\t<\/div>\n\t\t<div class=\"elementor-element elementor-element-b3679cd e-con-full e-flex e-con e-child\" data-id=\"b3679cd\" data-element_type=\"container\">\n\t\t\t\t<div class=\"elementor-element elementor-element-19e741a exad-sticky-section-no exad-glass-effect-no elementor-widget elementor-widget-image\" data-id=\"19e741a\" data-element_type=\"widget\" data-widget_type=\"image.default\">\n\t\t\t\t<div class=\"elementor-widget-container\">\n\t\t\t\t\t\t\t\t\t\t\t\t\t<img decoding=\"async\" width=\"800\" height=\"534\" src=\"https:\/\/urbanisticagarol.com\/wp-content\/uploads\/2024\/05\/tile-merchant-ireland-yP02OVtq-Ig-unsplash-1024x683.jpg\" class=\"attachment-large size-large wp-image-79\" alt=\"\" srcset=\"https:\/\/urbanisticagarol.com\/wp-content\/uploads\/2024\/05\/tile-merchant-ireland-yP02OVtq-Ig-unsplash-1024x683.jpg 1024w, https:\/\/urbanisticagarol.com\/wp-content\/uploads\/2024\/05\/tile-merchant-ireland-yP02OVtq-Ig-unsplash-300x200.jpg 300w, https:\/\/urbanisticagarol.com\/wp-content\/uploads\/2024\/05\/tile-merchant-ireland-yP02OVtq-Ig-unsplash-768x512.jpg 768w, https:\/\/urbanisticagarol.com\/wp-content\/uploads\/2024\/05\/tile-merchant-ireland-yP02OVtq-Ig-unsplash-1536x1024.jpg 1536w, https:\/\/urbanisticagarol.com\/wp-content\/uploads\/2024\/05\/tile-merchant-ireland-yP02OVtq-Ig-unsplash-2048x1365.jpg 2048w\" sizes=\"(max-width: 800px) 100vw, 800px\" \/>\t\t\t\t\t\t\t\t\t\t\t\t\t<\/div>\n\t\t\t\t<\/div>\n\t\t\t\t<\/div>\n\t\t\t\t\t<\/div>\n\t\t\t\t<\/div>\n\t\t<div class=\"elementor-element elementor-element-b3813f6 e-con-full e-flex e-con e-parent\" data-id=\"b3813f6\" data-element_type=\"container\">\n\t\t<div class=\"elementor-element elementor-element-d89ec5a e-con-full e-flex e-con e-child\" data-id=\"d89ec5a\" data-element_type=\"container\">\n\t\t\t\t<div class=\"elementor-element elementor-element-2fc14c4 elementor-view-default exad-sticky-section-no exad-glass-effect-no elementor-widget elementor-widget-icon\" data-id=\"2fc14c4\" data-element_type=\"widget\" data-widget_type=\"icon.default\">\n\t\t\t\t<div class=\"elementor-widget-container\">\n\t\t\t\t\t<div class=\"elementor-icon-wrapper\">\n\t\t\t<div class=\"elementor-icon\">\n\t\t\t<i aria-hidden=\"true\" class=\"icon icon-Safe-house\"><\/i>\t\t\t<\/div>\n\t\t<\/div>\n\t\t\t\t<\/div>\n\t\t\t\t<\/div>\n\t\t\t\t<div class=\"elementor-element elementor-element-dd83a56 exad-sticky-section-no exad-glass-effect-no elementor-widget elementor-widget-heading\" data-id=\"dd83a56\" data-element_type=\"widget\" data-widget_type=\"heading.default\">\n\t\t\t\t<div class=\"elementor-widget-container\">\n\t\t\t<h2 class=\"elementor-heading-title elementor-size-default\">ATENCI\u00d3N AL USUARIO<\/h2>\t\t<\/div>\n\t\t\t\t<\/div>\n\t\t\t\t<div class=\"elementor-element elementor-element-7f24400 exad-sticky-section-no exad-glass-effect-no elementor-widget elementor-widget-text-editor\" data-id=\"7f24400\" data-element_type=\"widget\" data-widget_type=\"text-editor.default\">\n\t\t\t\t<div class=\"elementor-widget-container\">\n\t\t\t\t\t\t\t<p>Nos comprometemos a escuchar sus necesidades y a\u00a0 entender su visi\u00f3n del proyecto, por lo que nuestro equipo est\u00e1 disponible para responder preguntas e inquietudes y garantizar la satisfacci\u00f3n de nuestros clientes.<\/p>\t\t\t\t\t\t<\/div>\n\t\t\t\t<\/div>\n\t\t\t\t<\/div>\n\t\t<div class=\"elementor-element elementor-element-549f247 e-con-full e-flex e-con e-child\" data-id=\"549f247\" data-element_type=\"container\">\n\t\t\t\t<div class=\"elementor-element elementor-element-6ba961c elementor-view-default exad-sticky-section-no exad-glass-effect-no elementor-widget elementor-widget-icon\" data-id=\"6ba961c\" data-element_type=\"widget\" data-widget_type=\"icon.default\">\n\t\t\t\t<div class=\"elementor-widget-container\">\n\t\t\t\t\t<div class=\"elementor-icon-wrapper\">\n\t\t\t<div class=\"elementor-icon\">\n\t\t\t<i aria-hidden=\"true\" class=\"icon icon-truck\"><\/i>\t\t\t<\/div>\n\t\t<\/div>\n\t\t\t\t<\/div>\n\t\t\t\t<\/div>\n\t\t\t\t<div class=\"elementor-element elementor-element-f3ae385 exad-sticky-section-no exad-glass-effect-no elementor-widget elementor-widget-heading\" data-id=\"f3ae385\" data-element_type=\"widget\" data-widget_type=\"heading.default\">\n\t\t\t\t<div class=\"elementor-widget-container\">\n\t\t\t<h2 class=\"elementor-heading-title elementor-size-default\">CALIDAD DE MATERIALES<\/h2>\t\t<\/div>\n\t\t\t\t<\/div>\n\t\t\t\t<div class=\"elementor-element elementor-element-3496e02 exad-sticky-section-no exad-glass-effect-no elementor-widget elementor-widget-text-editor\" data-id=\"3496e02\" data-element_type=\"widget\" data-widget_type=\"text-editor.default\">\n\t\t\t\t<div class=\"elementor-widget-container\">\n\t\t\t\t\t\t\t<p>Entendemos que la durabilidad y el acabado de un proyecto dependen en gran medida de los materiales utilizados. Por esta raz\u00f3n,\u00a0 seleccionamos materiales cuidadosamente, asegur\u00e1ndonos de que contribuyan a la excelencia de tu proyecto.<\/p>\t\t\t\t\t\t<\/div>\n\t\t\t\t<\/div>\n\t\t\t\t<\/div>\n\t\t<div class=\"elementor-element elementor-element-64fc7ca e-con-full e-flex e-con e-child\" data-id=\"64fc7ca\" data-element_type=\"container\">\n\t\t\t\t<div class=\"elementor-element elementor-element-ac74832 elementor-view-default exad-sticky-section-no exad-glass-effect-no elementor-widget elementor-widget-icon\" data-id=\"ac74832\" data-element_type=\"widget\" data-widget_type=\"icon.default\">\n\t\t\t\t<div class=\"elementor-widget-container\">\n\t\t\t\t\t<div class=\"elementor-icon-wrapper\">\n\t\t\t<div class=\"elementor-icon\">\n\t\t\t<i aria-hidden=\"true\" class=\"icon icon-Mechanic\"><\/i>\t\t\t<\/div>\n\t\t<\/div>\n\t\t\t\t<\/div>\n\t\t\t\t<\/div>\n\t\t\t\t<div class=\"elementor-element elementor-element-8259a17 exad-sticky-section-no exad-glass-effect-no elementor-widget elementor-widget-heading\" data-id=\"8259a17\" data-element_type=\"widget\" data-widget_type=\"heading.default\">\n\t\t\t\t<div class=\"elementor-widget-container\">\n\t\t\t<h2 class=\"elementor-heading-title elementor-size-default\">PROFESIONALES CALIFICADOS<\/h2>\t\t<\/div>\n\t\t\t\t<\/div>\n\t\t\t\t<div class=\"elementor-element elementor-element-1b26514 exad-sticky-section-no exad-glass-effect-no elementor-widget elementor-widget-text-editor\" data-id=\"1b26514\" data-element_type=\"widget\" data-widget_type=\"text-editor.default\">\n\t\t\t\t<div class=\"elementor-widget-container\">\n\t\t\t\t\t\t\t<p>Creemos firmemente en la importancia de la capacitaci\u00f3n continua de nuestros profesionales. Nuestro equipo est\u00e1 formado por expertos en remodelaci\u00f3n y urbanismo actualizados en las \u00faltimas tendencias, tecnolog\u00edas y pr\u00e1cticas del sector para ofrecerte soluciones innovadoras y de alta calidad para tus proyectos.<\/p>\t\t\t\t\t\t<\/div>\n\t\t\t\t<\/div>\n\t\t\t\t<\/div>\n\t\t\t\t<\/div>\n\t\t<div class=\"elementor-element elementor-element-bcaa13d e-flex e-con-boxed e-con e-parent\" data-id=\"bcaa13d\" data-element_type=\"container\" data-settings=\"{&quot;background_background&quot;:&quot;classic&quot;}\">\n\t\t\t\t\t<div class=\"e-con-inner\">\n\t\t<div class=\"elementor-element elementor-element-0216061 e-con-full elementor-hidden-mobile e-flex e-con e-child\" data-id=\"0216061\" data-element_type=\"container\">\n\t\t\t\t<div class=\"elementor-element elementor-element-36f2518 exad-sticky-section-no exad-glass-effect-no elementor-widget elementor-widget-image\" data-id=\"36f2518\" data-element_type=\"widget\" data-widget_type=\"image.default\">\n\t\t\t\t<div class=\"elementor-widget-container\">\n\t\t\t\t\t\t\t\t\t\t\t\t\t<img decoding=\"async\" width=\"800\" height=\"756\" src=\"https:\/\/urbanisticagarol.com\/wp-content\/uploads\/2024\/05\/retrato-mujer-ingeniera-portapapeles-e1715799887782-1024x968.png\" class=\"attachment-large size-large wp-image-103\" alt=\"\" srcset=\"https:\/\/urbanisticagarol.com\/wp-content\/uploads\/2024\/05\/retrato-mujer-ingeniera-portapapeles-e1715799887782-1024x968.png 1024w, https:\/\/urbanisticagarol.com\/wp-content\/uploads\/2024\/05\/retrato-mujer-ingeniera-portapapeles-e1715799887782-300x284.png 300w, https:\/\/urbanisticagarol.com\/wp-content\/uploads\/2024\/05\/retrato-mujer-ingeniera-portapapeles-e1715799887782-768x726.png 768w, https:\/\/urbanisticagarol.com\/wp-content\/uploads\/2024\/05\/retrato-mujer-ingeniera-portapapeles-e1715799887782.png 1333w\" sizes=\"(max-width: 800px) 100vw, 800px\" \/>\t\t\t\t\t\t\t\t\t\t\t\t\t<\/div>\n\t\t\t\t<\/div>\n\t\t\t\t<\/div>\n\t\t<div class=\"elementor-element elementor-element-a6484a3 e-con-full e-flex e-con e-child\" data-id=\"a6484a3\" data-element_type=\"container\">\n\t\t\t\t<div class=\"elementor-element elementor-element-fcfa5d8 exad-sticky-section-no exad-glass-effect-no elementor-widget elementor-widget-heading\" data-id=\"fcfa5d8\" data-element_type=\"widget\" data-widget_type=\"heading.default\">\n\t\t\t\t<div class=\"elementor-widget-container\">\n\t\t\t<h2 class=\"elementor-heading-title elementor-size-default\">\u00a1Hacemos realidad tus sue\u00f1os!<\/h2>\t\t<\/div>\n\t\t\t\t<\/div>\n\t\t\t\t<div class=\"elementor-element elementor-element-a589623 exad-sticky-section-no exad-glass-effect-no elementor-widget elementor-widget-text-editor\" data-id=\"a589623\" data-element_type=\"widget\" data-widget_type=\"text-editor.default\">\n\t\t\t\t<div class=\"elementor-widget-container\">\n\t\t\t\t\t\t\t<p>Descubre c\u00f3mo nuestro equipo de expertos en remodelaci\u00f3n y urbanismo puede hacer realidad tus proyectos. \u00a1Solicita hoy mismo tu presupuesto!<\/p>\t\t\t\t\t\t<\/div>\n\t\t\t\t<\/div>\n\t\t\t\t<div class=\"elementor-element elementor-element-481217a exad-sticky-section-no exad-glass-effect-no elementor-widget elementor-widget-button\" data-id=\"481217a\" data-element_type=\"widget\" data-widget_type=\"button.default\">\n\t\t\t\t<div class=\"elementor-widget-container\">\n\t\t\t\t\t<div class=\"elementor-button-wrapper\">\n\t\t\t<a class=\"elementor-button elementor-button-link elementor-size-sm elementor-animation-hang\" href=\"https:\/\/api.whatsapp.com\/send?phone=+525577587064&#038;text=%C2%A1Hola!%20Quiero%20un%20presupuesto%20para%20mi%20proyecto\">\n\t\t\t\t\t\t<span class=\"elementor-button-content-wrapper\">\n\t\t\t\t\t\t\t\t\t<span class=\"elementor-button-text\">Quiero un presupuesto<\/span>\n\t\t\t\t\t<\/span>\n\t\t\t\t\t<\/a>\n\t\t<\/div>\n\t\t\t\t<\/div>\n\t\t\t\t<\/div>\n\t\t\t\t<\/div>\n\t\t\t\t\t<\/div>\n\t\t\t\t<\/div>\n\t\t<div class=\"elementor-element elementor-element-57708c3 e-con-full e-flex e-con e-parent\" data-id=\"57708c3\" data-element_type=\"container\" data-settings=\"{&quot;background_background&quot;:&quot;classic&quot;}\">\n\t\t<div class=\"elementor-element elementor-element-7988fc8 e-con-full e-flex e-con e-child\" data-id=\"7988fc8\" data-element_type=\"container\">\n\t\t\t\t<div class=\"elementor-element elementor-element-b356994 elementor-hidden-mobile exad-sticky-section-no exad-glass-effect-no elementor-widget elementor-widget-image\" data-id=\"b356994\" data-element_type=\"widget\" data-widget_type=\"image.default\">\n\t\t\t\t<div class=\"elementor-widget-container\">\n\t\t\t\t\t\t\t\t\t\t\t\t\t<img fetchpriority=\"high\" decoding=\"async\" width=\"800\" height=\"801\" src=\"https:\/\/urbanisticagarol.com\/wp-content\/uploads\/2024\/05\/Lol_circle.png\" class=\"attachment-large size-large wp-image-101\" alt=\"\" srcset=\"https:\/\/urbanisticagarol.com\/wp-content\/uploads\/2024\/05\/Lol_circle.png 886w, https:\/\/urbanisticagarol.com\/wp-content\/uploads\/2024\/05\/Lol_circle-300x300.png 300w, https:\/\/urbanisticagarol.com\/wp-content\/uploads\/2024\/05\/Lol_circle-150x150.png 150w, https:\/\/urbanisticagarol.com\/wp-content\/uploads\/2024\/05\/Lol_circle-768x769.png 768w\" sizes=\"(max-width: 800px) 100vw, 800px\" \/>\t\t\t\t\t\t\t\t\t\t\t\t\t<\/div>\n\t\t\t\t<\/div>\n\t\t\t\t<\/div>\n\t\t<div class=\"elementor-element elementor-element-6c878cc e-con-full e-flex e-con e-child\" data-id=\"6c878cc\" data-element_type=\"container\">\n\t\t\t\t<\/div>\n\t\t\t\t<\/div>\n\t\t\t\t<\/div>\n\t\t","protected":false},"excerpt":{"rendered":"<p>Somos una empresa dedicada a la construcci\u00f3n y mantenimiento, con m\u00e1s de 10 a\u00f1os de experiencia A lo largo de estos a\u00f1os, diferentes empresas privadas, personas f\u00edsicas y dependencias gubernamentales han confiado en nuestro trabajo y compromiso. Nuestros clientes han permanecido con nosotros incondicionalmente porque sabemos y entendemos las necesidades de cada proyecto, ofreciendo servicios [&hellip;]<\/p>\n","protected":false},"author":1,"featured_media":0,"parent":0,"menu_order":0,"comment_status":"closed","ping_status":"closed","template":"","meta":{"footnotes":""},"aioseo_notices":[],"_links":{"self":[{"href":"https:\/\/urbanisticagarol.com\/index.php\/wp-json\/wp\/v2\/pages\/13"}],"collection":[{"href":"https:\/\/urbanisticagarol.com\/index.php\/wp-json\/wp\/v2\/pages"}],"about":[{"href":"https:\/\/urbanisticagarol.com\/index.php\/wp-json\/wp\/v2\/types\/page"}],"author":[{"embeddable":true,"href":"https:\/\/urbanisticagarol.com\/index.php\/wp-json\/wp\/v2\/users\/1"}],"replies":[{"embeddable":true,"href":"https:\/\/urbanisticagarol.com\/index.php\/wp-json\/wp\/v2\/comments?post=13"}],"version-history":[{"count":136,"href":"https:\/\/urbanisticagarol.com\/index.php\/wp-json\/wp\/v2\/pages\/13\/revisions"}],"predecessor-version":[{"id":8007,"href":"https:\/\/urbanisticagarol.com\/index.php\/wp-json\/wp\/v2\/pages\/13\/revisions\/8007"}],"wp:attachment":[{"href":"https:\/\/urbanisticagarol.com\/index.php\/wp-json\/wp\/v2\/media?parent=13"}],"curies":[{"name":"wp","href":"https:\/\/api.w.org\/{rel}","templated":true}]}}